{"id":5073,"date":"2020-04-29T15:08:27","date_gmt":"2020-04-29T13:08:27","guid":{"rendered":"http:\/\/apartamentyprestige.pl\/deweloper\/"},"modified":"2022-07-06T11:56:41","modified_gmt":"2022-07-06T09:56:41","slug":"deweloper","status":"publish","type":"page","link":"http:\/\/apartamentyprestige.pl\/uk\/deweloper\/","title":{"rendered":"\u0414\u0435\u0432\u0435\u043b\u043e\u043f\u0435\u0440"},"content":{"rendered":"","protected":false},"excerpt":{"rendered":"","protected":false},"author":14,"featured_media":0,"parent":0,"menu_order":0,"comment_status":"closed","ping_status":"closed","template":"page-about.php","meta":{"_acf_changed":false,"inline_featured_image":false,"footnotes":""},"class_list":["post-5073","page","type-page","status-publish","hentry"],"acf":[],"yoast_head":"<!-- This site is optimized with the Yoast SEO plugin v27.6 - https:\/\/yoast.com\/product\/yoast-seo-wordpress\/ -->\n<title>\u0414\u0435\u0432\u0435\u043b\u043e\u043f\u0435\u0440 - Apartamenty Prestige - Jeste\u015b w sercu miasta<\/title>\n<meta name=\"robots\" content=\"index, follow, max-snippet:-1, max-image-preview:large, max-video-preview:-1\" \/>\n<link rel=\"canonical\" href=\"http:\/\/apartamentyprestige.pl\/uk\/deweloper\/\" \/>\n<meta property=\"og:locale\" content=\"uk_UA\" \/>\n<meta property=\"og:type\" content=\"article\" \/>\n<meta property=\"og:title\" content=\"\u0414\u0435\u0432\u0435\u043b\u043e\u043f\u0435\u0440 - Apartamenty Prestige - Jeste\u015b w sercu miasta\" \/>\n<meta property=\"og:url\" content=\"http:\/\/apartamentyprestige.pl\/uk\/deweloper\/\" \/>\n<meta property=\"og:site_name\" content=\"Apartamenty Prestige - Jeste\u015b w sercu miasta\" \/>\n<meta property=\"article:modified_time\" content=\"2022-07-06T09:56:41+00:00\" \/>\n<meta name=\"twitter:card\" content=\"summary_large_image\" \/>\n<script type=\"application\/ld+json\" class=\"yoast-schema-graph\">{\"@context\":\"https:\\\/\\\/schema.org\",\"@graph\":[{\"@type\":\"WebPage\",\"@id\":\"http:\\\/\\\/apartamentyprestige.pl\\\/uk\\\/deweloper\\\/\",\"url\":\"http:\\\/\\\/apartamentyprestige.pl\\\/uk\\\/deweloper\\\/\",\"name\":\"\u0414\u0435\u0432\u0435\u043b\u043e\u043f\u0435\u0440 - Apartamenty Prestige - Jeste\u015b w sercu miasta\",\"isPartOf\":{\"@id\":\"http:\\\/\\\/apartamentyprestige.pl\\\/#website\"},\"datePublished\":\"2020-04-29T13:08:27+00:00\",\"dateModified\":\"2022-07-06T09:56:41+00:00\",\"breadcrumb\":{\"@id\":\"http:\\\/\\\/apartamentyprestige.pl\\\/uk\\\/deweloper\\\/#breadcrumb\"},\"inLanguage\":\"uk\",\"potentialAction\":[{\"@type\":\"ReadAction\",\"target\":[\"http:\\\/\\\/apartamentyprestige.pl\\\/uk\\\/deweloper\\\/\"]}]},{\"@type\":\"BreadcrumbList\",\"@id\":\"http:\\\/\\\/apartamentyprestige.pl\\\/uk\\\/deweloper\\\/#breadcrumb\",\"itemListElement\":[{\"@type\":\"ListItem\",\"position\":1,\"name\":\"Home\",\"item\":\"http:\\\/\\\/apartamentyprestige.pl\\\/uk\\\/\"},{\"@type\":\"ListItem\",\"position\":2,\"name\":\"\u0414\u0435\u0432\u0435\u043b\u043e\u043f\u0435\u0440\"}]},{\"@type\":\"WebSite\",\"@id\":\"http:\\\/\\\/apartamentyprestige.pl\\\/#website\",\"url\":\"http:\\\/\\\/apartamentyprestige.pl\\\/\",\"name\":\"Apartamenty Prestige - Jeste\u015b w sercu miasta\",\"description\":\"Szeroki wyb\u00f3r 1 i 2-pokojowych apartament\u00f3w. Apartamenty Prestige to unikalne miejsce, zlokalizowane w samym centrum \u0141odzi, w otoczeniu najwa\u017cniejszych punkt\u00f3w na mapie. Deweloper Tree Development Group.\",\"potentialAction\":[{\"@type\":\"SearchAction\",\"target\":{\"@type\":\"EntryPoint\",\"urlTemplate\":\"http:\\\/\\\/apartamentyprestige.pl\\\/?s={search_term_string}\"},\"query-input\":{\"@type\":\"PropertyValueSpecification\",\"valueRequired\":true,\"valueName\":\"search_term_string\"}}],\"inLanguage\":\"uk\"}]}<\/script>\n<!-- \/ Yoast SEO plugin. -->","yoast_head_json":{"title":"\u0414\u0435\u0432\u0435\u043b\u043e\u043f\u0435\u0440 - Apartamenty Prestige - Jeste\u015b w sercu miasta","robots":{"index":"index","follow":"follow","max-snippet":"max-snippet:-1","max-image-preview":"max-image-preview:large","max-video-preview":"max-video-preview:-1"},"canonical":"http:\/\/apartamentyprestige.pl\/uk\/deweloper\/","og_locale":"uk_UA","og_type":"article","og_title":"\u0414\u0435\u0432\u0435\u043b\u043e\u043f\u0435\u0440 - Apartamenty Prestige - Jeste\u015b w sercu miasta","og_url":"http:\/\/apartamentyprestige.pl\/uk\/deweloper\/","og_site_name":"Apartamenty Prestige - Jeste\u015b w sercu miasta","article_modified_time":"2022-07-06T09:56:41+00:00","twitter_card":"summary_large_image","schema":{"@context":"https:\/\/schema.org","@graph":[{"@type":"WebPage","@id":"http:\/\/apartamentyprestige.pl\/uk\/deweloper\/","url":"http:\/\/apartamentyprestige.pl\/uk\/deweloper\/","name":"\u0414\u0435\u0432\u0435\u043b\u043e\u043f\u0435\u0440 - Apartamenty Prestige - Jeste\u015b w sercu miasta","isPartOf":{"@id":"http:\/\/apartamentyprestige.pl\/#website"},"datePublished":"2020-04-29T13:08:27+00:00","dateModified":"2022-07-06T09:56:41+00:00","breadcrumb":{"@id":"http:\/\/apartamentyprestige.pl\/uk\/deweloper\/#breadcrumb"},"inLanguage":"uk","potentialAction":[{"@type":"ReadAction","target":["http:\/\/apartamentyprestige.pl\/uk\/deweloper\/"]}]},{"@type":"BreadcrumbList","@id":"http:\/\/apartamentyprestige.pl\/uk\/deweloper\/#breadcrumb","itemListElement":[{"@type":"ListItem","position":1,"name":"Home","item":"http:\/\/apartamentyprestige.pl\/uk\/"},{"@type":"ListItem","position":2,"name":"\u0414\u0435\u0432\u0435\u043b\u043e\u043f\u0435\u0440"}]},{"@type":"WebSite","@id":"http:\/\/apartamentyprestige.pl\/#website","url":"http:\/\/apartamentyprestige.pl\/","name":"Apartamenty Prestige - Jeste\u015b w sercu miasta","description":"Szeroki wyb\u00f3r 1 i 2-pokojowych apartament\u00f3w. Apartamenty Prestige to unikalne miejsce, zlokalizowane w samym centrum \u0141odzi, w otoczeniu najwa\u017cniejszych punkt\u00f3w na mapie. Deweloper Tree Development Group.","potentialAction":[{"@type":"SearchAction","target":{"@type":"EntryPoint","urlTemplate":"http:\/\/apartamentyprestige.pl\/?s={search_term_string}"},"query-input":{"@type":"PropertyValueSpecification","valueRequired":true,"valueName":"search_term_string"}}],"inLanguage":"uk"}]}},"_links":{"self":[{"href":"http:\/\/apartamentyprestige.pl\/uk\/wp-json\/wp\/v2\/pages\/5073","targetHints":{"allow":["GET"]}}],"collection":[{"href":"http:\/\/apartamentyprestige.pl\/uk\/wp-json\/wp\/v2\/pages"}],"about":[{"href":"http:\/\/apartamentyprestige.pl\/uk\/wp-json\/wp\/v2\/types\/page"}],"author":[{"embeddable":true,"href":"http:\/\/apartamentyprestige.pl\/uk\/wp-json\/wp\/v2\/users\/14"}],"replies":[{"embeddable":true,"href":"http:\/\/apartamentyprestige.pl\/uk\/wp-json\/wp\/v2\/comments?post=5073"}],"version-history":[{"count":10,"href":"http:\/\/apartamentyprestige.pl\/uk\/wp-json\/wp\/v2\/pages\/5073\/revisions"}],"predecessor-version":[{"id":5399,"href":"http:\/\/apartamentyprestige.pl\/uk\/wp-json\/wp\/v2\/pages\/5073\/revisions\/5399"}],"wp:attachment":[{"href":"http:\/\/apartamentyprestige.pl\/uk\/wp-json\/wp\/v2\/media?parent=5073"}],"curies":[{"name":"wp","href":"https:\/\/api.w.org\/{rel}","templated":true}]}}